{"id":1160,"date":"2020-06-18T21:30:54","date_gmt":"2020-06-18T21:30:54","guid":{"rendered":"http:\/\/www75-98-168-138.a2hosted.com\/~escaperoompr\/?page_id=1160"},"modified":"2021-03-11T07:24:07","modified_gmt":"2021-03-11T11:24:07","slug":"team-building","status":"publish","type":"page","link":"https:\/\/escaperoompr.com\/es\/team-building\/","title":{"rendered":"Team-Building"},"content":{"rendered":"<div data-elementor-type=\"wp-post\" data-elementor-id=\"1160\" class=\"elementor elementor-1160\">\n\t\t\t\t\t\t<section class=\"elementor-section elementor-top-section elementor-element elementor-element-e21d3ce elementor-section-boxed elementor-section-height-default elementor-section-height-default\" data-id=\"e21d3ce\" data-element_type=\"section\">\n\t\t\t\t\t\t<div class=\"elementor-container elementor-column-gap-default\">\n\t\t\t\t\t<div class=\"elementor-column elementor-col-100 elementor-top-column elementor-element elementor-element-973684b\" data-id=\"973684b\" data-element_type=\"column\">\n\t\t\t<div class=\"elementor-widget-wrap elementor-element-populated\">\n\t\t\t\t\t\t<div class=\"elementor-element elementor-element-871a9af elementor-widget elementor-widget-spacer\" data-id=\"871a9af\" data-element_type=\"widget\" data-widget_type=\"spacer.default\">\n\t\t\t\t<div class=\"elementor-widget-container\">\n\t\t\t\t\t\t\t<div class=\"elementor-spacer\">\n\t\t\t<div class=\"elementor-spacer-inner\"><\/div>\n\t\t<\/div>\n\t\t\t\t\t\t<\/div>\n\t\t\t\t<\/div>\n\t\t\t\t<div class=\"elementor-element elementor-element-d9a2171 elementor-view-stacked elementor-shape-circle elementor-widget elementor-widget-icon\" data-id=\"d9a2171\" data-element_type=\"widget\" data-widget_type=\"icon.default\">\n\t\t\t\t<div class=\"elementor-widget-container\">\n\t\t\t\t\t\t\t<div class=\"elementor-icon-wrapper\">\n\t\t\t<div class=\"elementor-icon\">\n\t\t\t<i aria-hidden=\"true\" class=\"fas fa-hands-helping\"><\/i>\t\t\t<\/div>\n\t\t<\/div>\n\t\t\t\t\t\t<\/div>\n\t\t\t\t<\/div>\n\t\t\t\t<div class=\"elementor-element elementor-element-cba1f67 elementor-widget elementor-widget-spacer\" data-id=\"cba1f67\" data-element_type=\"widget\" data-widget_type=\"spacer.default\">\n\t\t\t\t<div class=\"elementor-widget-container\">\n\t\t\t\t\t\t\t<div class=\"elementor-spacer\">\n\t\t\t<div class=\"elementor-spacer-inner\"><\/div>\n\t\t<\/div>\n\t\t\t\t\t\t<\/div>\n\t\t\t\t<\/div>\n\t\t\t\t<div class=\"elementor-element elementor-element-face357 elementor-widget elementor-widget-heading\" data-id=\"face357\" data-element_type=\"widget\" data-widget_type=\"heading.default\">\n\t\t\t\t<div class=\"elementor-widget-container\">\n\t\t\t\t\t<h2 class=\"elementor-heading-title elementor-size-default\">Perfecto para Team-Buildings<\/h2>\t\t\t\t<\/div>\n\t\t\t\t<\/div>\n\t\t\t\t<div class=\"elementor-element elementor-element-9a9894f elementor-widget-divider--view-line elementor-widget elementor-widget-divider\" data-id=\"9a9894f\" data-element_type=\"widget\" data-widget_type=\"divider.default\">\n\t\t\t\t<div class=\"elementor-widget-container\">\n\t\t\t\t\t\t\t<div class=\"elementor-divider\">\n\t\t\t<span class=\"elementor-divider-separator\">\n\t\t\t\t\t\t<\/span>\n\t\t<\/div>\n\t\t\t\t\t\t<\/div>\n\t\t\t\t<\/div>\n\t\t\t\t<div class=\"elementor-element elementor-element-1a1eb03 elementor-widget elementor-widget-text-editor\" data-id=\"1a1eb03\" data-element_type=\"widget\" data-widget_type=\"text-editor.default\">\n\t\t\t\t<div class=\"elementor-widget-container\">\n\t\t\t\t\t\t\t\t\t<h5 style=\"text-align: center;\">Escape Room Puerto Rico es la din\u00e1mica perfecta para una actividad de team-building con tu equipo de trabajo, colegas, escuela, clubes, cumplea\u00f1os, despedidas de soltero\/a y otras actividades en grupo. \u00a1Todos deben trabajar juntos para escapar el cuarto!<\/h5><p style=\"text-align: left;\">Esto es una manera divertida y emocionante para hacer un team-building. El equipo debe trabajar junto ya que los cuartos est\u00e1n dise\u00f1ados para la cooperaci\u00f3n y ofrecen retos divertidos. Escape rooms son una opci\u00f3n para salir de la oficina para un ejercicio de team building \u00fanico.<\/p><p style=\"text-align: left;\">Escape Room Puerto Rico tiene muchos cuartos tem\u00e1ticos. Tambi\u00e9n coordinamos servicio de catering para almuerzo, entremeses o cenas.<\/p><p style=\"text-align: left;\">Podemos acomodar grupos grandes en intervalos de 2 horas. Es posible reservar con anticipaci\u00f3n un periodo a\u00fan m\u00e1s extenso de tiempo. Mientras los primeros participantes est\u00e1n jugando juntos tratan de escapar la otra mitad puede socializar en nuestro sal\u00f3n de conferencias mientras juegan otros juegos y rompecabezas.<\/p><p style=\"text-align: left;\">Por favor cont\u00e1ctenos para discutir sus necesidades y c\u00f3mo podemos acomodar su grupo.<br \/>Las reservaciones para grupos son de 8am hasta la media noche, los 7 d\u00edas de la semana. Tambi\u00e9n es posible coordinar espacio fuera de este horario as\u00ed que por favor cont\u00e1ctenos si tienen algo adicional en mente. Para asegurar la disponibilidad de los cuartos en los horarios requeridos por favor reservar con el mayor tiempo de anticipaci\u00f3n ya que los cuartos se llegan r\u00e1pidamente.\u00a0<\/p>\t\t\t\t\t\t\t\t<\/div>\n\t\t\t\t<\/div>\n\t\t\t\t<div class=\"elementor-element elementor-element-6e08385 elementor-widget elementor-widget-spacer\" data-id=\"6e08385\" data-element_type=\"widget\" data-widget_type=\"spacer.default\">\n\t\t\t\t<div class=\"elementor-widget-container\">\n\t\t\t\t\t\t\t<div class=\"elementor-spacer\">\n\t\t\t<div class=\"elementor-spacer-inner\"><\/div>\n\t\t<\/div>\n\t\t\t\t\t\t<\/div>\n\t\t\t\t<\/div>\n\t\t\t\t\t<\/div>\n\t\t<\/div>\n\t\t\t\t\t<\/div>\n\t\t<\/section>\n\t\t\t\t<\/div>","protected":false},"excerpt":{"rendered":"<p>Perfect for Team-Building: Escape Room Puerto Rico is the perfect team-building activity for your staff, co-workers, school, club, birthday, bachelor\/ette parties, or other groups. Everyone must work together to escape from the room! This is a new, fun and exciting team building activity. The team must work together since the rooms are designed for group [&hellip;]<\/p>","protected":false},"author":1,"featured_media":0,"parent":0,"menu_order":0,"comment_status":"closed","ping_status":"closed","template":"elementor_header_footer","meta":{"footnotes":""},"class_list":["post-1160","page","type-page","status-publish","hentry"],"acf":[],"_links":{"self":[{"href":"https:\/\/escaperoompr.com\/es\/wp-json\/wp\/v2\/pages\/1160","targetHints":{"allow":["GET"]}}],"collection":[{"href":"https:\/\/escaperoompr.com\/es\/wp-json\/wp\/v2\/pages"}],"about":[{"href":"https:\/\/escaperoompr.com\/es\/wp-json\/wp\/v2\/types\/page"}],"author":[{"embeddable":true,"href":"https:\/\/escaperoompr.com\/es\/wp-json\/wp\/v2\/users\/1"}],"replies":[{"embeddable":true,"href":"https:\/\/escaperoompr.com\/es\/wp-json\/wp\/v2\/comments?post=1160"}],"version-history":[{"count":10,"href":"https:\/\/escaperoompr.com\/es\/wp-json\/wp\/v2\/pages\/1160\/revisions"}],"predecessor-version":[{"id":1476,"href":"https:\/\/escaperoompr.com\/es\/wp-json\/wp\/v2\/pages\/1160\/revisions\/1476"}],"wp:attachment":[{"href":"https:\/\/escaperoompr.com\/es\/wp-json\/wp\/v2\/media?parent=1160"}],"curies":[{"name":"wp","href":"https:\/\/api.w.org\/{rel}","templated":true}]}}