{"id":1305,"date":"2020-06-24T14:36:18","date_gmt":"2020-06-24T14:36:18","guid":{"rendered":"http:\/\/www75-98-168-138.a2hosted.com\/~escaperoompr\/?page_id=1305"},"modified":"2020-06-24T14:37:21","modified_gmt":"2020-06-24T14:37:21","slug":"fortaleza","status":"publish","type":"page","link":"https:\/\/escaperoompr.com\/es\/fortaleza\/","title":{"rendered":"Fortaleza"},"content":{"rendered":"<div data-elementor-type=\"wp-post\" data-elementor-id=\"1305\" class=\"elementor elementor-1305\">\n\t\t\t\t\t\t<section class=\"elementor-section elementor-top-section elementor-element elementor-element-f599b75 elementor-section-boxed elementor-section-height-default elementor-section-height-default\" data-id=\"f599b75\" data-element_type=\"section\">\n\t\t\t\t\t\t<div class=\"elementor-container elementor-column-gap-default\">\n\t\t\t\t\t<div class=\"elementor-column elementor-col-100 elementor-top-column elementor-element elementor-element-5ef2786\" data-id=\"5ef2786\" data-element_type=\"column\">\n\t\t\t<div class=\"elementor-widget-wrap elementor-element-populated\">\n\t\t\t\t\t\t<div class=\"elementor-element elementor-element-4f83424 elementor-widget elementor-widget-escapium-rooms\" data-id=\"4f83424\" data-element_type=\"widget\" data-widget_type=\"escapium-rooms.default\">\n\t\t\t\t<div class=\"elementor-widget-container\">\n\t\t\t\t\t\t\t\n\t\t<!-- Rooms List -->\n\t\t<div class=\"rooms rooms--list js-rooms\" data-is-hash=\"no-hash\" data-filter-all=\"all\">\n\t\t\n<article class=\"room room--category-fortaleza room--category-normal\">\n\t<div class=\"room__body box\">\n\t\t<!-- Header -->\n\t\t<header class=\"room__header\">\n\n\t\t\t\n\t<!-- Rating -->\n\t<div class=\"room__complexity rating-icons\">\n\t\t<div class=\"rating-icons__placeholder\">\n\t\t\t<i class=\"ion-locked\"><\/i><i class=\"ion-locked\"><\/i><i class=\"ion-locked\"><\/i><i class=\"ion-locked\"><\/i><i class=\"ion-locked\"><\/i>\t\t<\/div>\n\t\t<div class=\"rating-icons__active\">\n\t\t\t<i class=\"ion-locked\"><\/i><i class=\"ion-locked\"><\/i><i class=\"ion-locked\"><\/i>\t\t<\/div>\n\t<\/div>\n\t<!-- Rating \/ End -->\n\t\t\t\n\t\t\t<!-- Title -->\n\t\t\t<h2 class=\"room__title\"><a href=\"https:\/\/escaperoompr.com\/es\/rooms\/magiakadabra\/\">Magiakadabra<\/a><\/h2>\n\t\t\t<!-- Title \/ End -->\n\t\t\t\n\t\t\t\n<!-- Meta -->\n<div class=\"room__meta\">\n\n\t\t\t<div class=\"room__meta-item\">\n\t\t\t<i class=\"ion-person-stalker\"><\/i> 6\t\t<\/div>\n\t\n\t\t\t<div class=\"room__meta-item\">\n\t\t\t<i class=\"icon-clock\"><\/i> 45\t\t<\/div>\n\t\n\t\t\t<div class=\"room__meta-item\">\n\t\t\t<i class=\"ion-location\"><\/i> Escape Room Puerto Rico 351 Calle Fortaleza, Viejo San Juan 00901\t\t<\/div>\n\t\n<\/div>\n<!-- Meta \/ End -->\n\n\t\t<\/header>\n\t\t<!-- Header \/ End -->\n\t\t<!-- Excerpt -->\n\t\t<div class=\"room__excerpt\">\n\t\t\tEn un pintoresco pueblo, una habitaci\u00f3n secreta rebosaba de oscuros encantamientos y misteriosas maravillas. El maestro mago, conocido por... \t\t\t\n\t\t<\/div>\n\t\t<!-- Excerpt \/ End -->\n\t\t<!-- Read More -->\n\t\t<footer class=\"room__footer\">\n\t\t\t<a href=\"https:\/\/escaperoompr.com\/es\/rooms\/magiakadabra\/\" class=\"btn btn-primary\">\u00a1Reserva Ahora!<\/a>\n\t\t<\/footer>\n\t\t<!-- Read More \/ End -->\n\t<\/div>\n\t<!-- Image -->\n\t<figure class=\"room__img\">\n\t\t<a href=\"https:\/\/escaperoompr.com\/es\/rooms\/magiakadabra\/\"><img fetchpriority=\"high\" decoding=\"async\" width=\"557\" height=\"400\" src=\"https:\/\/escaperoompr.com\/wp-content\/uploads\/2022\/06\/image005-557x400.jpg\" class=\"attachment-escapium_thumbnail-rooms-list size-escapium_thumbnail-rooms-list\" alt=\"\" \/><\/a>\n\t<\/figure>\n\t<!-- Image \/ End -->\n<\/article>\n\n<article class=\"room room--category-easy room--category-fortaleza\">\n\t<div class=\"room__body box\">\n\t\t<!-- Header -->\n\t\t<header class=\"room__header\">\n\n\t\t\t\n\t<!-- Rating -->\n\t<div class=\"room__complexity rating-icons\">\n\t\t<div class=\"rating-icons__placeholder\">\n\t\t\t<i class=\"ion-locked\"><\/i><i class=\"ion-locked\"><\/i><i class=\"ion-locked\"><\/i><i class=\"ion-locked\"><\/i><i class=\"ion-locked\"><\/i>\t\t<\/div>\n\t\t<div class=\"rating-icons__active\">\n\t\t\t<i class=\"ion-locked\"><\/i><i class=\"ion-locked\"><\/i><i class=\"ion-locked\"><\/i><i class=\"ion-locked\"><\/i>\t\t<\/div>\n\t<\/div>\n\t<!-- Rating \/ End -->\n\t\t\t\n\t\t\t<!-- Title -->\n\t\t\t<h2 class=\"room__title\"><a href=\"https:\/\/escaperoompr.com\/es\/rooms\/secret-society\/\">Sociedad secreta<\/a><\/h2>\n\t\t\t<!-- Title \/ End -->\n\t\t\t\n\t\t\t\n<!-- Meta -->\n<div class=\"room__meta\">\n\n\t\t\t<div class=\"room__meta-item\">\n\t\t\t<i class=\"ion-person-stalker\"><\/i> 8\t\t<\/div>\n\t\n\t\t\t<div class=\"room__meta-item\">\n\t\t\t<i class=\"icon-clock\"><\/i> 45\t\t<\/div>\n\t\n\t\t\t<div class=\"room__meta-item\">\n\t\t\t<i class=\"ion-location\"><\/i> Escape Room Puerto Rico 351 Calle Fortaleza, Viejo San Juan 00901\t\t<\/div>\n\t\n<\/div>\n<!-- Meta \/ End -->\n\n\t\t<\/header>\n\t\t<!-- Header \/ End -->\n\t\t<!-- Excerpt -->\n\t\t<div class=\"room__excerpt\">\n\t\t\tSe supon\u00eda que iba a ser una noche divertida con amigos cuando todos se despertaron con batas en un... \t\t\t\n\t\t<\/div>\n\t\t<!-- Excerpt \/ End -->\n\t\t<!-- Read More -->\n\t\t<footer class=\"room__footer\">\n\t\t\t<a href=\"https:\/\/escaperoompr.com\/es\/rooms\/secret-society\/\" class=\"btn btn-primary\">\u00a1Reserva Ahora!<\/a>\n\t\t<\/footer>\n\t\t<!-- Read More \/ End -->\n\t<\/div>\n\t<!-- Image -->\n\t<figure class=\"room__img\">\n\t\t<a href=\"https:\/\/escaperoompr.com\/es\/rooms\/secret-society\/\"><img decoding=\"async\" width=\"557\" height=\"400\" src=\"https:\/\/escaperoompr.com\/wp-content\/uploads\/2018\/10\/Secret-Society-4-557x400.jpg\" class=\"attachment-escapium_thumbnail-rooms-list size-escapium_thumbnail-rooms-list\" alt=\"\" \/><\/a>\n\t<\/figure>\n\t<!-- Image \/ End -->\n<\/article>\n\n<article class=\"room room--category-easy room--category-fortaleza\">\n\t<div class=\"room__body box\">\n\t\t<!-- Header -->\n\t\t<header class=\"room__header\">\n\n\t\t\t\n\t<!-- Rating -->\n\t<div class=\"room__complexity rating-icons\">\n\t\t<div class=\"rating-icons__placeholder\">\n\t\t\t<i class=\"ion-locked\"><\/i><i class=\"ion-locked\"><\/i><i class=\"ion-locked\"><\/i><i class=\"ion-locked\"><\/i><i class=\"ion-locked\"><\/i>\t\t<\/div>\n\t\t<div class=\"rating-icons__active\">\n\t\t\t<i class=\"ion-locked\"><\/i><i class=\"ion-locked\"><\/i>\t\t<\/div>\n\t<\/div>\n\t<!-- Rating \/ End -->\n\t\t\t\n\t\t\t<!-- Title -->\n\t\t\t<h2 class=\"room__title\"><a href=\"https:\/\/escaperoompr.com\/es\/rooms\/biohazard\/\">Riesgo biol\u00f3gico<\/a><\/h2>\n\t\t\t<!-- Title \/ End -->\n\t\t\t\n\t\t\t\n<!-- Meta -->\n<div class=\"room__meta\">\n\n\t\t\t<div class=\"room__meta-item\">\n\t\t\t<i class=\"ion-person-stalker\"><\/i> 3-5\t\t<\/div>\n\t\n\t\t\t<div class=\"room__meta-item\">\n\t\t\t<i class=\"icon-clock\"><\/i> 60\t\t<\/div>\n\t\n\t\t\t<div class=\"room__meta-item\">\n\t\t\t<i class=\"ion-location\"><\/i> Escape Room Puerto Rico 351 Calle Fortaleza, Viejo San Juan 00901\t\t<\/div>\n\t\n<\/div>\n<!-- Meta \/ End -->\n\n\t\t<\/header>\n\t\t<!-- Header \/ End -->\n\t\t<!-- Excerpt -->\n\t\t<div class=\"room__excerpt\">\n\t\t\tGreenLabs es una empresa internacional dedicada al desarrollo de tecnolog\u00edas y productos para la agricultura y la salud. Informes clasificados... \t\t\t\n\t\t<\/div>\n\t\t<!-- Excerpt \/ End -->\n\t\t<!-- Read More -->\n\t\t<footer class=\"room__footer\">\n\t\t\t<a href=\"https:\/\/escaperoompr.com\/es\/rooms\/biohazard\/\" class=\"btn btn-primary\">\u00a1Reserva Ahora!<\/a>\n\t\t<\/footer>\n\t\t<!-- Read More \/ End -->\n\t<\/div>\n\t<!-- Image -->\n\t<figure class=\"room__img\">\n\t\t<a href=\"https:\/\/escaperoompr.com\/es\/rooms\/biohazard\/\"><img decoding=\"async\" width=\"557\" height=\"400\" src=\"https:\/\/escaperoompr.com\/wp-content\/uploads\/2018\/10\/Bio-Hazard-557x400.jpg\" class=\"attachment-escapium_thumbnail-rooms-list size-escapium_thumbnail-rooms-list\" alt=\"\" \/><\/a>\n\t<\/figure>\n\t<!-- Image \/ End -->\n<\/article>\n\n<article class=\"room room--category-easy room--category-fortaleza\">\n\t<div class=\"room__body box\">\n\t\t<!-- Header -->\n\t\t<header class=\"room__header\">\n\n\t\t\t\n\t<!-- Rating -->\n\t<div class=\"room__complexity rating-icons\">\n\t\t<div class=\"rating-icons__placeholder\">\n\t\t\t<i class=\"ion-locked\"><\/i><i class=\"ion-locked\"><\/i><i class=\"ion-locked\"><\/i><i class=\"ion-locked\"><\/i><i class=\"ion-locked\"><\/i>\t\t<\/div>\n\t\t<div class=\"rating-icons__active\">\n\t\t\t<i class=\"ion-locked\"><\/i><i class=\"ion-locked\"><\/i><i class=\"ion-locked\"><\/i><i class=\"ion-locked\"><\/i>\t\t<\/div>\n\t<\/div>\n\t<!-- Rating \/ End -->\n\t\t\t\n\t\t\t<!-- Title -->\n\t\t\t<h2 class=\"room__title\"><a href=\"https:\/\/escaperoompr.com\/es\/rooms\/mental-asylum\/\">Manicomio<\/a><\/h2>\n\t\t\t<!-- Title \/ End -->\n\t\t\t\n\t\t\t\n<!-- Meta -->\n<div class=\"room__meta\">\n\n\t\t\t<div class=\"room__meta-item\">\n\t\t\t<i class=\"ion-person-stalker\"><\/i> 3-6\t\t<\/div>\n\t\n\t\t\t<div class=\"room__meta-item\">\n\t\t\t<i class=\"icon-clock\"><\/i> 45\t\t<\/div>\n\t\n\t\t\t<div class=\"room__meta-item\">\n\t\t\t<i class=\"ion-location\"><\/i> Escape Room Puerto Rico 351 Calle Fortaleza, Viejo San Juan 00901\t\t<\/div>\n\t\n<\/div>\n<!-- Meta \/ End -->\n\n\t\t<\/header>\n\t\t<!-- Header \/ End -->\n\t\t<!-- Excerpt -->\n\t\t<div class=\"room__excerpt\">\n\t\t\tEl manicomio se construy\u00f3 en 1854 en el extremo m\u00e1s alejado de la pen\u00ednsula de San Juan. Es el m\u00e1s antiguo... \t\t\t\n\t\t<\/div>\n\t\t<!-- Excerpt \/ End -->\n\t\t<!-- Read More -->\n\t\t<footer class=\"room__footer\">\n\t\t\t<a href=\"https:\/\/escaperoompr.com\/es\/rooms\/mental-asylum\/\" class=\"btn btn-primary\">\u00a1Reserva Ahora!<\/a>\n\t\t<\/footer>\n\t\t<!-- Read More \/ End -->\n\t<\/div>\n\t<!-- Image -->\n\t<figure class=\"room__img\">\n\t\t<a href=\"https:\/\/escaperoompr.com\/es\/rooms\/mental-asylum\/\"><img loading=\"lazy\" decoding=\"async\" width=\"557\" height=\"400\" src=\"https:\/\/escaperoompr.com\/wp-content\/uploads\/2018\/10\/asylum1-557x400.jpg\" class=\"attachment-escapium_thumbnail-rooms-list size-escapium_thumbnail-rooms-list\" alt=\"\" \/><\/a>\n\t<\/figure>\n\t<!-- Image \/ End -->\n<\/article>\n\n<article class=\"room room--category-fortaleza room--category-normal\">\n\t<div class=\"room__body box\">\n\t\t<!-- Header -->\n\t\t<header class=\"room__header\">\n\n\t\t\t\n\t<!-- Rating -->\n\t<div class=\"room__complexity rating-icons\">\n\t\t<div class=\"rating-icons__placeholder\">\n\t\t\t<i class=\"ion-locked\"><\/i><i class=\"ion-locked\"><\/i><i class=\"ion-locked\"><\/i><i class=\"ion-locked\"><\/i><i class=\"ion-locked\"><\/i>\t\t<\/div>\n\t\t<div class=\"rating-icons__active\">\n\t\t\t<i class=\"ion-locked\"><\/i><i class=\"ion-locked\"><\/i><i class=\"ion-locked\"><\/i>\t\t<\/div>\n\t<\/div>\n\t<!-- Rating \/ End -->\n\t\t\t\n\t\t\t<!-- Title -->\n\t\t\t<h2 class=\"room__title\"><a href=\"https:\/\/escaperoompr.com\/es\/rooms\/crash-landing\/\">Aterrizaje forzoso<\/a><\/h2>\n\t\t\t<!-- Title \/ End -->\n\t\t\t\n\t\t\t\n<!-- Meta -->\n<div class=\"room__meta\">\n\n\t\t\t<div class=\"room__meta-item\">\n\t\t\t<i class=\"ion-person-stalker\"><\/i> 8\t\t<\/div>\n\t\n\t\t\t<div class=\"room__meta-item\">\n\t\t\t<i class=\"icon-clock\"><\/i> 45\t\t<\/div>\n\t\n\t\t\t<div class=\"room__meta-item\">\n\t\t\t<i class=\"ion-location\"><\/i> Escape Room Puerto Rico 351 Calle Fortaleza, Viejo San Juan 00901\t\t<\/div>\n\t\n<\/div>\n<!-- Meta \/ End -->\n\n\t\t<\/header>\n\t\t<!-- Header \/ End -->\n\t\t<!-- Excerpt -->\n\t\t<div class=\"room__excerpt\">\n\t\t\tEres parte de una misi\u00f3n para entregar suministros a una comunidad remota de la Cordillera Central de Puerto... \t\t\t\n\t\t<\/div>\n\t\t<!-- Excerpt \/ End -->\n\t\t<!-- Read More -->\n\t\t<footer class=\"room__footer\">\n\t\t\t<a href=\"https:\/\/escaperoompr.com\/es\/rooms\/crash-landing\/\" class=\"btn btn-primary\">\u00a1Reserva Ahora!<\/a>\n\t\t<\/footer>\n\t\t<!-- Read More \/ End -->\n\t<\/div>\n\t<!-- Image -->\n\t<figure class=\"room__img\">\n\t\t<a href=\"https:\/\/escaperoompr.com\/es\/rooms\/crash-landing\/\"><img loading=\"lazy\" decoding=\"async\" width=\"557\" height=\"400\" src=\"https:\/\/escaperoompr.com\/wp-content\/uploads\/2018\/10\/Crash-Landing-2-557x400.jpg\" class=\"attachment-escapium_thumbnail-rooms-list size-escapium_thumbnail-rooms-list\" alt=\"\" \/><\/a>\n\t<\/figure>\n\t<!-- Image \/ End -->\n<\/article>\n\t\t<\/div>\n\t\t<!-- Rooms List \/ End -->\n\t\t\n\t\t\t\t\t\t<\/div>\n\t\t\t\t<\/div>\n\t\t\t\t<div class=\"elementor-element elementor-element-f4ca4a3 elementor-widget elementor-widget-spacer\" data-id=\"f4ca4a3\" data-element_type=\"widget\" data-widget_type=\"spacer.default\">\n\t\t\t\t<div class=\"elementor-widget-container\">\n\t\t\t\t\t\t\t<div class=\"elementor-spacer\">\n\t\t\t<div class=\"elementor-spacer-inner\"><\/div>\n\t\t<\/div>\n\t\t\t\t\t\t<\/div>\n\t\t\t\t<\/div>\n\t\t\t\t\t<\/div>\n\t\t<\/div>\n\t\t\t\t\t<\/div>\n\t\t<\/section>\n\t\t\t\t<\/div>","protected":false},"excerpt":{"rendered":"","protected":false},"author":1,"featured_media":0,"parent":0,"menu_order":0,"comment_status":"closed","ping_status":"closed","template":"elementor_header_footer","meta":{"footnotes":""},"class_list":["post-1305","page","type-page","status-publish","hentry"],"acf":[],"_links":{"self":[{"href":"https:\/\/escaperoompr.com\/es\/wp-json\/wp\/v2\/pages\/1305","targetHints":{"allow":["GET"]}}],"collection":[{"href":"https:\/\/escaperoompr.com\/es\/wp-json\/wp\/v2\/pages"}],"about":[{"href":"https:\/\/escaperoompr.com\/es\/wp-json\/wp\/v2\/types\/page"}],"author":[{"embeddable":true,"href":"https:\/\/escaperoompr.com\/es\/wp-json\/wp\/v2\/users\/1"}],"replies":[{"embeddable":true,"href":"https:\/\/escaperoompr.com\/es\/wp-json\/wp\/v2\/comments?post=1305"}],"version-history":[{"count":3,"href":"https:\/\/escaperoompr.com\/es\/wp-json\/wp\/v2\/pages\/1305\/revisions"}],"predecessor-version":[{"id":1310,"href":"https:\/\/escaperoompr.com\/es\/wp-json\/wp\/v2\/pages\/1305\/revisions\/1310"}],"wp:attachment":[{"href":"https:\/\/escaperoompr.com\/es\/wp-json\/wp\/v2\/media?parent=1305"}],"curies":[{"name":"wp","href":"https:\/\/api.w.org\/{rel}","templated":true}]}}