{"id":1510,"date":"2022-09-12T09:58:29","date_gmt":"2022-09-12T13:58:29","guid":{"rendered":"https:\/\/escaperoompr.com\/?page_id=1510"},"modified":"2022-09-14T14:15:31","modified_gmt":"2022-09-14T18:15:31","slug":"careers","status":"publish","type":"page","link":"https:\/\/escaperoompr.com\/es\/careers\/","title":{"rendered":"Empleos"},"content":{"rendered":"<div data-elementor-type=\"wp-post\" data-elementor-id=\"1510\" class=\"elementor elementor-1510\">\n\t\t\t\t\t\t<section class=\"elementor-section elementor-top-section elementor-element elementor-element-e21d3ce elementor-section-boxed elementor-section-height-default elementor-section-height-default\" data-id=\"e21d3ce\" data-element_type=\"section\">\n\t\t\t\t\t\t<div class=\"elementor-container elementor-column-gap-default\">\n\t\t\t\t\t<div class=\"elementor-column elementor-col-100 elementor-top-column elementor-element elementor-element-973684b\" data-id=\"973684b\" data-element_type=\"column\">\n\t\t\t<div class=\"elementor-widget-wrap elementor-element-populated\">\n\t\t\t\t\t\t<div class=\"elementor-element elementor-element-871a9af elementor-widget elementor-widget-spacer\" data-id=\"871a9af\" data-element_type=\"widget\" data-widget_type=\"spacer.default\">\n\t\t\t\t<div class=\"elementor-widget-container\">\n\t\t\t\t\t\t\t<div class=\"elementor-spacer\">\n\t\t\t<div class=\"elementor-spacer-inner\"><\/div>\n\t\t<\/div>\n\t\t\t\t\t\t<\/div>\n\t\t\t\t<\/div>\n\t\t\t\t<div class=\"elementor-element elementor-element-d9a2171 elementor-view-stacked elementor-shape-circle elementor-widget elementor-widget-icon\" data-id=\"d9a2171\" data-element_type=\"widget\" data-widget_type=\"icon.default\">\n\t\t\t\t<div class=\"elementor-widget-container\">\n\t\t\t\t\t\t\t<div class=\"elementor-icon-wrapper\">\n\t\t\t<div class=\"elementor-icon\">\n\t\t\t<i aria-hidden=\"true\" class=\"fas fa-bullhorn\"><\/i>\t\t\t<\/div>\n\t\t<\/div>\n\t\t\t\t\t\t<\/div>\n\t\t\t\t<\/div>\n\t\t\t\t<div class=\"elementor-element elementor-element-cba1f67 elementor-widget elementor-widget-spacer\" data-id=\"cba1f67\" data-element_type=\"widget\" data-widget_type=\"spacer.default\">\n\t\t\t\t<div class=\"elementor-widget-container\">\n\t\t\t\t\t\t\t<div class=\"elementor-spacer\">\n\t\t\t<div class=\"elementor-spacer-inner\"><\/div>\n\t\t<\/div>\n\t\t\t\t\t\t<\/div>\n\t\t\t\t<\/div>\n\t\t\t\t<div class=\"elementor-element elementor-element-face357 elementor-widget elementor-widget-heading\" data-id=\"face357\" data-element_type=\"widget\" data-widget_type=\"heading.default\">\n\t\t\t\t<div class=\"elementor-widget-container\">\n\t\t\t\t\t<h2 class=\"elementor-heading-title elementor-size-default\">Estamos Contratando<\/h2>\t\t\t\t<\/div>\n\t\t\t\t<\/div>\n\t\t\t\t<div class=\"elementor-element elementor-element-9a9894f elementor-widget-divider--view-line elementor-widget elementor-widget-divider\" data-id=\"9a9894f\" data-element_type=\"widget\" data-widget_type=\"divider.default\">\n\t\t\t\t<div class=\"elementor-widget-container\">\n\t\t\t\t\t\t\t<div class=\"elementor-divider\">\n\t\t\t<span class=\"elementor-divider-separator\">\n\t\t\t\t\t\t<\/span>\n\t\t<\/div>\n\t\t\t\t\t\t<\/div>\n\t\t\t\t<\/div>\n\t\t\t\t<div class=\"elementor-element elementor-element-1a1eb03 elementor-widget elementor-widget-text-editor\" data-id=\"1a1eb03\" data-element_type=\"widget\" data-widget_type=\"text-editor.default\">\n\t\t\t\t<div class=\"elementor-widget-container\">\n\t\t\t\t\t\t\t\t\t<h5 style=\"text-align: center;\">Escape Room est\u00e1 contratando activamente para trabajos de tiempo completo, medio tiempo y de temporada. \u00a1Nuestra cultura impulsada por la misi\u00f3n significa que nuestro trabajo es desafiante e intenso, pero tambi\u00e9n incre\u00edblemente gratificante y divertido! \u00bfTe suena esto \u00e9pico?<\/h5><p>Nos apasiona colocar a personas incre\u00edbles en los roles de sus sue\u00f1os y diversi\u00f3n. Ofrecemos oportunidades gratificantes que brindan espacio para el crecimiento personal.<\/p><p>Entendemos que para hacer nuestro mejor trabajo, todos necesitamos tranquilidad. Desde salud y bienestar hasta tiempo libre y flexibilidad laboral, nuestro programa est\u00e1 dise\u00f1ado para brindar a nuestros empleados el apoyo que necesitan para ser lo mejor de s\u00ed mismos.<\/p>\t\t\t\t\t\t\t\t<\/div>\n\t\t\t\t<\/div>\n\t\t\t\t<div class=\"elementor-element elementor-element-6e08385 elementor-widget elementor-widget-spacer\" data-id=\"6e08385\" data-element_type=\"widget\" data-widget_type=\"spacer.default\">\n\t\t\t\t<div class=\"elementor-widget-container\">\n\t\t\t\t\t\t\t<div class=\"elementor-spacer\">\n\t\t\t<div class=\"elementor-spacer-inner\"><\/div>\n\t\t<\/div>\n\t\t\t\t\t\t<\/div>\n\t\t\t\t<\/div>\n\t\t\t\t\t<\/div>\n\t\t<\/div>\n\t\t\t\t\t<\/div>\n\t\t<\/section>\n\t\t\t\t<section class=\"elementor-section elementor-top-section elementor-element elementor-element-271d50d elementor-section-boxed elementor-section-height-default elementor-section-height-default\" data-id=\"271d50d\" data-element_type=\"section\">\n\t\t\t\t\t\t<div class=\"elementor-container elementor-column-gap-default\">\n\t\t\t\t\t<div class=\"elementor-column elementor-col-100 elementor-top-column elementor-element elementor-element-74c7b2b\" data-id=\"74c7b2b\" data-element_type=\"column\">\n\t\t\t<div class=\"elementor-widget-wrap elementor-element-populated\">\n\t\t\t\t\t\t<div class=\"elementor-element elementor-element-4b44759 elementor-invisible elementor-widget elementor-widget-heading\" data-id=\"4b44759\" data-element_type=\"widget\" data-settings=\"\" data-widget_type=\"heading.default\">\n\t\t\t\t<div class=\"elementor-widget-container\">\n\t\t\t\t\t<h2 class=\"elementor-heading-title elementor-size-default\">Apply Now<\/h2>\t\t\t\t<\/div>\n\t\t\t\t<\/div>\n\t\t\t\t<div class=\"elementor-element elementor-element-8608bf7 elementor-widget elementor-widget-shortcode\" data-id=\"8608bf7\" data-element_type=\"widget\" data-widget_type=\"shortcode.default\">\n\t\t\t\t<div class=\"elementor-widget-container\">\n\t\t\t\t\t\t\t<div class=\"elementor-shortcode\"><div class=\"forminator-ui forminator-custom-form forminator-custom-form-1514 forminator-design--material  forminator_ajax\" data-forminator-render=\"0\" data-form=\"forminator-module-1514\" data-uid=\"69d55257a613b\"><br\/><\/div><form\n\t\t\t\tid=\"forminator-module-1514\"\n\t\t\t\tclass=\"forminator-ui forminator-custom-form forminator-custom-form-1514 forminator-design--material  forminator_ajax\"\n\t\t\t\tmethod=\"post\"\n\t\t\t\tdata-forminator-render=\"0\"\n\t\t\t\tdata-form-id=\"1514\"\n\t\t\t\tenctype=\"multipart\/form-data\" data-color-option=\"default\" data-design=\"material\" data-grid=\"open\" style=\"display: none;\"\n\t\t\t\tdata-uid=\"69d55257a613b\" action=\"\"\n\t\t\t><div role=\"alert\" aria-live=\"polite\" class=\"forminator-response-message forminator-error\" aria-hidden=\"true\"><\/div><div class=\"forminator-row\"><div id=\"name-1\" class=\"forminator-field-name forminator-col forminator-col-6\"><div class=\"forminator-field\"><label for=\"forminator-field-name-1_69d55257a613b\" id=\"forminator-field-name-1_69d55257a613b-label\" class=\"forminator-label\">Nombre <span class=\"forminator-required\">*<\/span><\/label><input type=\"text\" name=\"name-1\" value=\"\" placeholder=\"\" id=\"forminator-field-name-1_69d55257a613b\" class=\"forminator-input forminator-name--field\" aria-required=\"true\" autocomplete=\"name\" \/><\/div><\/div><div id=\"name-2\" class=\"forminator-field-name forminator-col forminator-col-6\"><div class=\"forminator-field\"><label for=\"forminator-field-name-2_69d55257a613b\" id=\"forminator-field-name-2_69d55257a613b-label\" class=\"forminator-label\">Apellido <span class=\"forminator-required\">*<\/span><\/label><input type=\"text\" name=\"name-2\" value=\"\" placeholder=\"\" id=\"forminator-field-name-2_69d55257a613b\" class=\"forminator-input forminator-name--field\" aria-required=\"true\" autocomplete=\"name\" \/><\/div><\/div><\/div><div class=\"forminator-row\"><div id=\"phone-1\" class=\"forminator-field-phone forminator-col forminator-col-6\"><div class=\"forminator-field\"><label for=\"forminator-field-phone-1_69d55257a613b\" id=\"forminator-field-phone-1_69d55257a613b-label\" class=\"forminator-label\">Tel\u00e9fono<\/label><input type=\"text\" name=\"phone-1\" value=\"\" placeholder=\"Tel\u00e9fono\" id=\"forminator-field-phone-1_69d55257a613b\" class=\"forminator-input forminator-field--phone\" data-required=\"\" aria-required=\"false\" autocomplete=\"off\" \/><\/div><\/div><div id=\"email-1\" class=\"forminator-field-email forminator-col forminator-col-6\"><div class=\"forminator-field\"><label for=\"forminator-field-email-1_69d55257a613b\" id=\"forminator-field-email-1_69d55257a613b-label\" class=\"forminator-label\">Direcci\u00f3n de Email <span class=\"forminator-required\">*<\/span><\/label><input type=\"email\" name=\"email-1\" value=\"\" placeholder=\"Direcci\u00f3n Eletr\u00f3nica\" id=\"forminator-field-email-1_69d55257a613b\" class=\"forminator-input forminator-email--field\" data-required=\"true\" aria-required=\"true\" autocomplete=\"email\" \/><\/div><\/div><\/div><div class=\"forminator-row\"><div id=\"select-1\" class=\"forminator-field-select forminator-col forminator-col-6\"><div class=\"forminator-field\"><label for=\"forminator-form-1514__field--select-1_69d55257a613b\" id=\"forminator-form-1514__field--select-1_69d55257a613b-label\" class=\"forminator-label\">D\u00edas Disponibles<\/label><select  id=\"forminator-form-1514__field--select-1_69d55257a613b\" class=\"forminator-select--field forminator-select2 forminator-select2-multiple\" data-required=\"\" name=\"select-1\" data-default-value=\"\" data-placeholder=\"\" data-search=\"false\" data-search-placeholder=\"\" data-checkbox=\"false\" data-allow-clear=\"false\" aria-labelledby=\"forminator-form-1514__field--select-1_69d55257a613b-label\"><option value=\"Sunday\"  data-calculation=\"0\">Domingo<\/option><option value=\"Monday\"  data-calculation=\"0\">Lunes<\/option><option value=\"Tuesday\"  data-calculation=\"0\">Martes<\/option><option value=\"Wednesday\"  data-calculation=\"0\">Miercoles<\/option><option value=\"Thursday\"  data-calculation=\"0\">Jueves<\/option><option value=\"Friday\"  data-calculation=\"0\">Viernes<\/option><option value=\"Saturday\"  data-calculation=\"0\">Sabado<\/option><\/select><\/div><\/div><div id=\"select-2\" class=\"forminator-field-select forminator-col forminator-col-6\"><div class=\"forminator-field\"><label for=\"forminator-form-1514__field--select-2_69d55257a613b\" id=\"forminator-form-1514__field--select-2_69d55257a613b-label\" class=\"forminator-label\">\u00bfEst\u00e1 disponible para trabajar los fines de semana y las noches?<\/label><select  id=\"forminator-form-1514__field--select-2_69d55257a613b\" class=\"forminator-select--field forminator-select2 forminator-select2-multiple\" data-required=\"\" name=\"select-2\" data-default-value=\"\" data-placeholder=\"\" data-search=\"false\" data-search-placeholder=\"\" data-checkbox=\"false\" data-allow-clear=\"false\" aria-labelledby=\"forminator-form-1514__field--select-2_69d55257a613b-label\"><option value=\"Yes\"  data-calculation=\"0\">Si<\/option><option value=\"No\"  data-calculation=\"0\">No<\/option><\/select><\/div><\/div><\/div><div class=\"forminator-row\"><div id=\"upload-1\" class=\"forminator-field-upload forminator-col forminator-col-12\"><div class=\"forminator-field\"><label for=\"forminator-field-upload-1_69d55257a613b\" id=\"forminator-field-upload-1_69d55257a613b-label\" class=\"forminator-label\">Resume<\/label><div class=\"forminator-file-upload\" data-element=\"upload-1_69d55257a613b\"><input type=\"file\" name=\"upload-1\" id=\"forminator-field-upload-1_69d55257a613b\" class=\"forminator-input-file\" accept=\".jpg,.jpeg,.jpe,.gif,.png,.bmp,.tiff,.tif,.ico,.asf,.asx,.wmv,.wmx,.wm,.avi,.divx,.flv,.mov,.qt,.mpeg,.mpg,.mpe,.mp4,.m4v,.ogv,.webm,.mkv,.3gp,.3gpp,.3g2,.3gp2,.txt,.asc,.c,.cc,.h,.srt,.csv,.tsv,.ics,.rtx,.vtt,.mp3,.m4a,.m4b,.aac,.ra,.ram,.wav,.ogg,.oga,.flac,.mid,.midi,.wma,.wax,.mka,.rtf,.pdf,.class,.tar,.zip,.gz,.gzip,.7z,.psd,.xcf,.doc,.pot,.pps,.ppt,.wri,.xla,.xls,.xlt,.xlw,.mdb,.mpp,.docx,.docm,.dotx,.dotm,.xlsx,.xlsm,.xlsb,.xltx,.xltm,.xlam,.pptx,.pptm,.ppsx,.ppsm,.potx,.potm,.ppam,.sldx,.sldm,.onetoc,.onetoc2,.onetmp,.onepkg,.oxps,.xps,.odt,.odp,.ods,.odg,.odc,.odb,.odf,.wp,.wpd,.key,.numbers,.pages,.json\" tabindex=\"-1\"><button id=\"forminator-field-upload-1_69d55257a613b_button\" class=\"forminator-button forminator-button-upload\" data-id=\"forminator-field-upload-1_69d55257a613b\">Choose File<\/button><span data-empty-text=\"No file chosen\">No file chosen<\/span><button class=\"forminator-button-delete\" style=\"display: none;\"><i class=\"forminator-icon-close\" aria-hidden=\"true\"><\/i><span class=\"forminator-screen-reader-only\">Delete uploaded file<\/span><\/button><\/div><\/div><\/div><\/div><div class=\"forminator-row\"><div id=\"textarea-1\" class=\"forminator-field-textarea forminator-col forminator-col-12\"><div class=\"forminator-field\"><label for=\"forminator-field-textarea-1_69d55257a613b\" id=\"forminator-field-textarea-1_69d55257a613b-label\" class=\"forminator-label\">Resumen o carta de presentaci\u00f3n<\/label><textarea name=\"textarea-1\" placeholder=\"(Optional)\" id=\"forminator-field-textarea-1_69d55257a613b\" class=\"forminator-textarea\" rows=\"6\" style=\"min-height:140px;\" aria-describedby=\"forminator-field-textarea-1_69d55257a613b-description\" ><\/textarea><span id=\"forminator-field-textarea-1_69d55257a613b-description\" class=\"forminator-description\">(Optional)<\/span><\/div><\/div><\/div><input type=\"hidden\" name=\"referer_url\" value=\"\" \/><div class=\"forminator-row forminator-row-last\"><div class=\"forminator-col\"><div class=\"forminator-field\"><button class=\"forminator-button forminator-button-submit\"><span>Enviar Mensaje<\/span><span aria-hidden=\"true\"><\/span><\/button><\/div><\/div><\/div><input type=\"hidden\" id=\"forminator_nonce\" name=\"forminator_nonce\" value=\"368b18cf97\" \/><input type=\"hidden\" name=\"_wp_http_referer\" value=\"\/es\/wp-json\/wp\/v2\/pages\/1510\" \/><input type=\"hidden\" name=\"form_id\" value=\"1514\"><input type=\"hidden\" name=\"page_id\" value=\"1510\"><input type=\"hidden\" name=\"form_type\" value=\"default\"><input type=\"hidden\" name=\"current_url\" value=\"https:\/\/escaperoompr.com\/es\/careers\/\"><input type=\"hidden\" name=\"render_id\" value=\"0\"><input type=\"hidden\" name=\"action\" value=\"forminator_submit_form_custom-forms\"><input type=\"hidden\" name=\"trp-form-language\" value=\"es\"\/><\/form><\/div>\n\t\t\t\t\t\t<\/div>\n\t\t\t\t<\/div>\n\t\t\t\t<div class=\"elementor-element elementor-element-0da71d8 elementor-widget elementor-widget-spacer\" data-id=\"0da71d8\" data-element_type=\"widget\" data-widget_type=\"spacer.default\">\n\t\t\t\t<div class=\"elementor-widget-container\">\n\t\t\t\t\t\t\t<div class=\"elementor-spacer\">\n\t\t\t<div class=\"elementor-spacer-inner\"><\/div>\n\t\t<\/div>\n\t\t\t\t\t\t<\/div>\n\t\t\t\t<\/div>\n\t\t\t\t\t<\/div>\n\t\t<\/div>\n\t\t\t\t\t<\/div>\n\t\t<\/section>\n\t\t\t\t<section class=\"elementor-section elementor-top-section elementor-element elementor-element-8a42a60 elementor-section-boxed elementor-section-height-default elementor-section-height-default\" data-id=\"8a42a60\" data-element_type=\"section\">\n\t\t\t\t\t\t<div class=\"elementor-container elementor-column-gap-default\">\n\t\t\t\t\t<div class=\"elementor-column elementor-col-100 elementor-top-column elementor-element elementor-element-19a1ac0\" data-id=\"19a1ac0\" data-element_type=\"column\">\n\t\t\t<div class=\"elementor-widget-wrap\">\n\t\t\t\t\t\t\t<\/div>\n\t\t<\/div>\n\t\t\t\t\t<\/div>\n\t\t<\/section>\n\t\t\t\t<\/div>","protected":false},"excerpt":{"rendered":"<p>Now Hiring Escape Room is actively hiring for full-time, part-time, and seasonal jobs. Our mission-driven culture means our work is challenging and intense, but also incredibly rewarding and fun! Does this sound epic to you? We are passionate about placing amazing people in the roles of their dreams and fun. We offer rewarding opportunities that [&hellip;]<\/p>","protected":false},"author":1,"featured_media":0,"parent":0,"menu_order":0,"comment_status":"closed","ping_status":"closed","template":"elementor_header_footer","meta":{"footnotes":""},"class_list":["post-1510","page","type-page","status-publish","hentry"],"acf":[],"_links":{"self":[{"href":"https:\/\/escaperoompr.com\/es\/wp-json\/wp\/v2\/pages\/1510","targetHints":{"allow":["GET"]}}],"collection":[{"href":"https:\/\/escaperoompr.com\/es\/wp-json\/wp\/v2\/pages"}],"about":[{"href":"https:\/\/escaperoompr.com\/es\/wp-json\/wp\/v2\/types\/page"}],"author":[{"embeddable":true,"href":"https:\/\/escaperoompr.com\/es\/wp-json\/wp\/v2\/users\/1"}],"replies":[{"embeddable":true,"href":"https:\/\/escaperoompr.com\/es\/wp-json\/wp\/v2\/comments?post=1510"}],"version-history":[{"count":3,"href":"https:\/\/escaperoompr.com\/es\/wp-json\/wp\/v2\/pages\/1510\/revisions"}],"predecessor-version":[{"id":1519,"href":"https:\/\/escaperoompr.com\/es\/wp-json\/wp\/v2\/pages\/1510\/revisions\/1519"}],"wp:attachment":[{"href":"https:\/\/escaperoompr.com\/es\/wp-json\/wp\/v2\/media?parent=1510"}],"curies":[{"name":"wp","href":"https:\/\/api.w.org\/{rel}","templated":true}]}}