{"id":16,"date":"2018-09-04T16:49:56","date_gmt":"2018-09-04T16:49:56","guid":{"rendered":"http:\/\/escapium-wp.dan-fisher.com\/?page_id=16"},"modified":"2020-06-24T15:51:35","modified_gmt":"2020-06-24T15:51:35","slug":"about","status":"publish","type":"page","link":"https:\/\/escaperoompr.com\/es\/about\/","title":{"rendered":"\u00bfC\u00f3mo Jugar?"},"content":{"rendered":"<div data-elementor-type=\"wp-post\" data-elementor-id=\"16\" class=\"elementor elementor-16\">\n\t\t\t\t\t\t<section class=\"elementor-section elementor-top-section elementor-element elementor-element-e21d3ce elementor-section-boxed elementor-section-height-default elementor-section-height-default\" data-id=\"e21d3ce\" data-element_type=\"section\">\n\t\t\t\t\t\t<div class=\"elementor-container elementor-column-gap-default\">\n\t\t\t\t\t<div class=\"elementor-column elementor-col-100 elementor-top-column elementor-element elementor-element-973684b\" data-id=\"973684b\" data-element_type=\"column\">\n\t\t\t<div class=\"elementor-widget-wrap elementor-element-populated\">\n\t\t\t\t\t\t<div class=\"elementor-element elementor-element-4bfc8ac elementor-widget elementor-widget-spacer\" data-id=\"4bfc8ac\" data-element_type=\"widget\" data-widget_type=\"spacer.default\">\n\t\t\t\t<div class=\"elementor-widget-container\">\n\t\t\t\t\t\t\t<div class=\"elementor-spacer\">\n\t\t\t<div class=\"elementor-spacer-inner\"><\/div>\n\t\t<\/div>\n\t\t\t\t\t\t<\/div>\n\t\t\t\t<\/div>\n\t\t\t\t<section class=\"elementor-section elementor-inner-section elementor-element elementor-element-91f451b elementor-section-boxed elementor-section-height-default elementor-section-height-default\" data-id=\"91f451b\" data-element_type=\"section\">\n\t\t\t\t\t\t<div class=\"elementor-container elementor-column-gap-default\">\n\t\t\t\t\t<div class=\"elementor-column elementor-col-50 elementor-inner-column elementor-element elementor-element-174dc25\" data-id=\"174dc25\" data-element_type=\"column\">\n\t\t\t<div class=\"elementor-widget-wrap elementor-element-populated\">\n\t\t\t\t\t\t<div class=\"elementor-element elementor-element-d7ee51c elementor-view-stacked elementor-shape-circle elementor-widget elementor-widget-icon\" data-id=\"d7ee51c\" data-element_type=\"widget\" data-widget_type=\"icon.default\">\n\t\t\t\t<div class=\"elementor-widget-container\">\n\t\t\t\t\t\t\t<div class=\"elementor-icon-wrapper\">\n\t\t\t<div class=\"elementor-icon\">\n\t\t\t<i aria-hidden=\"true\" class=\"fas fa-dungeon\"><\/i>\t\t\t<\/div>\n\t\t<\/div>\n\t\t\t\t\t\t<\/div>\n\t\t\t\t<\/div>\n\t\t\t\t<div class=\"elementor-element elementor-element-6ec4423 elementor-widget elementor-widget-spacer\" data-id=\"6ec4423\" data-element_type=\"widget\" data-widget_type=\"spacer.default\">\n\t\t\t\t<div class=\"elementor-widget-container\">\n\t\t\t\t\t\t\t<div class=\"elementor-spacer\">\n\t\t\t<div class=\"elementor-spacer-inner\"><\/div>\n\t\t<\/div>\n\t\t\t\t\t\t<\/div>\n\t\t\t\t<\/div>\n\t\t\t\t<div class=\"elementor-element elementor-element-face357 elementor-widget elementor-widget-heading\" data-id=\"face357\" data-element_type=\"widget\" data-widget_type=\"heading.default\">\n\t\t\t\t<div class=\"elementor-widget-container\">\n\t\t\t\t\t<h2 class=\"elementor-heading-title elementor-size-default\">Todos pueden jugar:<\/h2>\t\t\t\t<\/div>\n\t\t\t\t<\/div>\n\t\t\t\t<div class=\"elementor-element elementor-element-d3d0375 elementor-widget-divider--view-line elementor-widget elementor-widget-divider\" data-id=\"d3d0375\" data-element_type=\"widget\" data-widget_type=\"divider.default\">\n\t\t\t\t<div class=\"elementor-widget-container\">\n\t\t\t\t\t\t\t<div class=\"elementor-divider\">\n\t\t\t<span class=\"elementor-divider-separator\">\n\t\t\t\t\t\t<\/span>\n\t\t<\/div>\n\t\t\t\t\t\t<\/div>\n\t\t\t\t<\/div>\n\t\t\t\t<div class=\"elementor-element elementor-element-1a1eb03 elementor-widget elementor-widget-text-editor\" data-id=\"1a1eb03\" data-element_type=\"widget\" data-widget_type=\"text-editor.default\">\n\t\t\t\t<div class=\"elementor-widget-container\">\n\t\t\t\t\t\t\t\t\t<h5 style=\"text-align: center;\">Las pistas pueden ser complicadas, pero no se requieren destrezas o conocimiento espec\u00edfico para descifrarlas. Comun\u00edquense lo m\u00e1s posible, busquen en los cuartos cuidadosamente y si se trancan contin\u00faen con otra \u00e1rea o un rompecabezas diferente.<\/h5><p style=\"text-align: left;\">Los juegos comenzar\u00e1n con la discusi\u00f3n de unas instrucciones por el empleado donde repasaron las reglas y se contestaran preguntas. Luego, los llevaran al cuarto donde el conteo regresivo para escapar empieza. Aunque estos juegos son retadores, no te preocupes \u2013 se divertir\u00e1n, \u00a1aunque no escapen! Planea estar alrededor de una hora y media con nosotros desde que llegas hasta que terminas.<\/p><p style=\"text-align: left;\">\u00a1Algunas sugerencias y claves!<br \/>Comun\u00edcate activamente con todos los que est\u00e1n en el cuarto. Comparte las claves que encuentres. Trabaja junto a los dem\u00e1s para resolver los rompecabezas. Si descubres informaci\u00f3n nueva, aseg\u00farate de compartirla con todo el mundo en el cuarto.<\/p><p style=\"text-align: left;\">\u00a0<\/p>\t\t\t\t\t\t\t\t<\/div>\n\t\t\t\t<\/div>\n\t\t\t\t\t<\/div>\n\t\t<\/div>\n\t\t\t\t<div class=\"elementor-column elementor-col-50 elementor-inner-column elementor-element elementor-element-937fce2\" data-id=\"937fce2\" data-element_type=\"column\">\n\t\t\t<div class=\"elementor-widget-wrap elementor-element-populated\">\n\t\t\t\t\t\t<div class=\"elementor-element elementor-element-ac49c33 elementor-view-stacked elementor-shape-circle elementor-widget elementor-widget-icon\" data-id=\"ac49c33\" data-element_type=\"widget\" data-widget_type=\"icon.default\">\n\t\t\t\t<div class=\"elementor-widget-container\">\n\t\t\t\t\t\t\t<div class=\"elementor-icon-wrapper\">\n\t\t\t<div class=\"elementor-icon\">\n\t\t\t<i aria-hidden=\"true\" class=\"fas fa-list\"><\/i>\t\t\t<\/div>\n\t\t<\/div>\n\t\t\t\t\t\t<\/div>\n\t\t\t\t<\/div>\n\t\t\t\t<div class=\"elementor-element elementor-element-3f1507e elementor-widget elementor-widget-spacer\" data-id=\"3f1507e\" data-element_type=\"widget\" data-widget_type=\"spacer.default\">\n\t\t\t\t<div class=\"elementor-widget-container\">\n\t\t\t\t\t\t\t<div class=\"elementor-spacer\">\n\t\t\t<div class=\"elementor-spacer-inner\"><\/div>\n\t\t<\/div>\n\t\t\t\t\t\t<\/div>\n\t\t\t\t<\/div>\n\t\t\t\t<div class=\"elementor-element elementor-element-29bd8f6 elementor-widget elementor-widget-heading\" data-id=\"29bd8f6\" data-element_type=\"widget\" data-widget_type=\"heading.default\">\n\t\t\t\t<div class=\"elementor-widget-container\">\n\t\t\t\t\t<h2 class=\"elementor-heading-title elementor-size-default\">Sigan las reglas:<\/h2>\t\t\t\t<\/div>\n\t\t\t\t<\/div>\n\t\t\t\t<div class=\"elementor-element elementor-element-e2aa4af elementor-widget-divider--view-line elementor-widget elementor-widget-divider\" data-id=\"e2aa4af\" data-element_type=\"widget\" data-widget_type=\"divider.default\">\n\t\t\t\t<div class=\"elementor-widget-container\">\n\t\t\t\t\t\t\t<div class=\"elementor-divider\">\n\t\t\t<span class=\"elementor-divider-separator\">\n\t\t\t\t\t\t<\/span>\n\t\t<\/div>\n\t\t\t\t\t\t<\/div>\n\t\t\t\t<\/div>\n\t\t\t\t<div class=\"elementor-element elementor-element-0e29089 elementor-widget elementor-widget-text-editor\" data-id=\"0e29089\" data-element_type=\"widget\" data-widget_type=\"text-editor.default\">\n\t\t\t\t<div class=\"elementor-widget-container\">\n\t\t\t\t\t\t\t\t\t<h5 style=\"text-align: center;\">Nuestros empleados repasar\u00e1n las reglas del juego antes de comenzar. Estas incluyen:<\/h5><p>\u2022 Nunca usar la fuerza para abrir cosas que est\u00e9n cerradas.<br \/>\u2022 No rompas cosas para resolver los rompecabezas.<br \/>\u2022 El uso de celulares y otros equipos electr\u00f3nicos esta prohibido dentro de los cuartos.<\/p><p style=\"text-align: left;\">\u00a1Es importante llegar a tiempo! Necesitas tiempo para encontrar un estacionamiento y la direcci\u00f3n del escape room. Si llegas tarde se reducir\u00e1 el tiempo de juego y es posible que no puedas hacer el cuarto. No hay devoluciones ni cambios.\u00a0<\/p><p style=\"text-align: left;\">\u00bfCu\u00e1l es el premio de escapar? En adici\u00f3n al tremendo orgullo, emoci\u00f3n, sensaci\u00f3n de triunfo, respeto a los dem\u00e1s jugadores, sentir\u00e1s que son uno de los pocos grupos con la astucia para escapar. Tambi\u00e9n podr\u00e1n tomarse unas fotos espectaculares en grupo para recordar la experiencia.<\/p><p style=\"text-align: left;\">Por favor no compartas los detalles ni las claves del juego con otros participantes para que tambi\u00e9n puedan disfrutar la experiencia.<\/p>\t\t\t\t\t\t\t\t<\/div>\n\t\t\t\t<\/div>\n\t\t\t\t\t<\/div>\n\t\t<\/div>\n\t\t\t\t\t<\/div>\n\t\t<\/section>\n\t\t\t\t<div class=\"elementor-element elementor-element-6e08385 elementor-widget elementor-widget-spacer\" data-id=\"6e08385\" data-element_type=\"widget\" data-widget_type=\"spacer.default\">\n\t\t\t\t<div class=\"elementor-widget-container\">\n\t\t\t\t\t\t\t<div class=\"elementor-spacer\">\n\t\t\t<div class=\"elementor-spacer-inner\"><\/div>\n\t\t<\/div>\n\t\t\t\t\t\t<\/div>\n\t\t\t\t<\/div>\n\t\t\t\t\t<\/div>\n\t\t<\/div>\n\t\t\t\t\t<\/div>\n\t\t<\/section>\n\t\t\t\t<\/div>","protected":false},"excerpt":{"rendered":"<p>Everyone can play: Clues are tricky, but no special skills or knowledge is required. Communicate with each other, search the rooms carefully, and if you get stuck, move on to another area or a different puzzle. Games will begin with a briefing by our staff, where we\u2019ll review the rules and answer any questions. Then, [&hellip;]<\/p>","protected":false},"author":1,"featured_media":0,"parent":0,"menu_order":0,"comment_status":"closed","ping_status":"closed","template":"elementor_header_footer","meta":{"footnotes":""},"class_list":["post-16","page","type-page","status-publish","hentry"],"acf":[],"_links":{"self":[{"href":"https:\/\/escaperoompr.com\/es\/wp-json\/wp\/v2\/pages\/16","targetHints":{"allow":["GET"]}}],"collection":[{"href":"https:\/\/escaperoompr.com\/es\/wp-json\/wp\/v2\/pages"}],"about":[{"href":"https:\/\/escaperoompr.com\/es\/wp-json\/wp\/v2\/types\/page"}],"author":[{"embeddable":true,"href":"https:\/\/escaperoompr.com\/es\/wp-json\/wp\/v2\/users\/1"}],"replies":[{"embeddable":true,"href":"https:\/\/escaperoompr.com\/es\/wp-json\/wp\/v2\/comments?post=16"}],"version-history":[{"count":27,"href":"https:\/\/escaperoompr.com\/es\/wp-json\/wp\/v2\/pages\/16\/revisions"}],"predecessor-version":[{"id":1332,"href":"https:\/\/escaperoompr.com\/es\/wp-json\/wp\/v2\/pages\/16\/revisions\/1332"}],"wp:attachment":[{"href":"https:\/\/escaperoompr.com\/es\/wp-json\/wp\/v2\/media?parent=16"}],"curies":[{"name":"wp","href":"https:\/\/api.w.org\/{rel}","templated":true}]}}