{"id":236,"date":"2018-10-10T17:32:39","date_gmt":"2018-10-10T17:32:39","guid":{"rendered":"http:\/\/escapium-wp.dan-fisher.com\/?page_id=236"},"modified":"2022-06-06T17:09:44","modified_gmt":"2022-06-06T21:09:44","slug":"faqs","status":"publish","type":"page","link":"https:\/\/escaperoompr.com\/es\/faqs\/","title":{"rendered":"Preguntas Frecuentes"},"content":{"rendered":"<div data-elementor-type=\"wp-post\" data-elementor-id=\"236\" class=\"elementor elementor-236\">\n\t\t\t\t\t\t<section class=\"elementor-section elementor-top-section elementor-element elementor-element-59b42e3 elementor-section-boxed elementor-section-height-default elementor-section-height-default\" data-id=\"59b42e3\" data-element_type=\"section\">\n\t\t\t\t\t\t<div class=\"elementor-container elementor-column-gap-default\">\n\t\t\t\t\t<div class=\"elementor-column elementor-col-16 elementor-top-column elementor-element elementor-element-672dabe\" data-id=\"672dabe\" data-element_type=\"column\">\n\t\t\t<div class=\"elementor-widget-wrap\">\n\t\t\t\t\t\t\t<\/div>\n\t\t<\/div>\n\t\t\t\t<div class=\"elementor-column elementor-col-66 elementor-top-column elementor-element elementor-element-9ac6354\" data-id=\"9ac6354\" data-element_type=\"column\">\n\t\t\t<div class=\"elementor-widget-wrap elementor-element-populated\">\n\t\t\t\t\t\t<div class=\"elementor-element elementor-element-050e0a6 elementor-widget elementor-widget-spacer\" data-id=\"050e0a6\" data-element_type=\"widget\" data-widget_type=\"spacer.default\">\n\t\t\t\t<div class=\"elementor-widget-container\">\n\t\t\t\t\t\t\t<div class=\"elementor-spacer\">\n\t\t\t<div class=\"elementor-spacer-inner\"><\/div>\n\t\t<\/div>\n\t\t\t\t\t\t<\/div>\n\t\t\t\t<\/div>\n\t\t\t\t<div class=\"elementor-element elementor-element-b02c4e9 elementor-view-stacked elementor-shape-circle elementor-widget elementor-widget-icon\" data-id=\"b02c4e9\" data-element_type=\"widget\" data-widget_type=\"icon.default\">\n\t\t\t\t<div class=\"elementor-widget-container\">\n\t\t\t\t\t\t\t<div class=\"elementor-icon-wrapper\">\n\t\t\t<div class=\"elementor-icon\">\n\t\t\t<i aria-hidden=\"true\" class=\"far fa-question-circle\"><\/i>\t\t\t<\/div>\n\t\t<\/div>\n\t\t\t\t\t\t<\/div>\n\t\t\t\t<\/div>\n\t\t\t\t<div class=\"elementor-element elementor-element-d41908a elementor-widget-divider--view-line elementor-widget elementor-widget-divider\" data-id=\"d41908a\" data-element_type=\"widget\" data-widget_type=\"divider.default\">\n\t\t\t\t<div class=\"elementor-widget-container\">\n\t\t\t\t\t\t\t<div class=\"elementor-divider\">\n\t\t\t<span class=\"elementor-divider-separator\">\n\t\t\t\t\t\t<\/span>\n\t\t<\/div>\n\t\t\t\t\t\t<\/div>\n\t\t\t\t<\/div>\n\t\t\t\t<div class=\"elementor-element elementor-element-602c373 elementor-widget elementor-widget-escapium-accordion\" data-id=\"602c373\" data-element_type=\"widget\" data-widget_type=\"escapium-accordion.default\">\n\t\t\t\t<div class=\"elementor-widget-container\">\n\t\t\t\t\t\n\t\t\t\t\t<div id=\"accordion-69d53b5d98bff\" role=\"tablist\" class=\"accordion\">\n\t\t\t\t\t\t\t\t\t\t\t\t\t\t<div class=\"accordion__item\">\n\t\t\t\t\t\t<a role=\"tab\" id=\"heading88158c2\" data-toggle=\"collapse\" href=\"#collapse88158c2\" aria-expanded=\"true\" aria-controls=\"collapse88158c2\"class=\"accordion__item-header\">\n\t\t\t\t\t\t\t<h3>\u00bfDONDE ESTAN LOS CUARTOS?<\/h3>\n\t\t\t\t\t\t<\/a>\n\t\t\t\t\t\t<div id=\"collapse88158c2\" class=\"collapse show\" role=\"tabpanel\" aria-labelledby=\"heading88158c2\" data-parent=\"#accordion-69d53b5d98bff\">\n\t\t\t\t\t\t\t<div class=\"accordion__item-body\">351 Calle Fortaleza, Viejo San Juan, PR 00901<br>\nAltitude Trampoline Park PR-2, Bayam\u00f3n Oeste Shpopping Center Bayam\u00f3n, 00959<\/div>\n\t\t\t\t\t\t<\/div>\n\t\t\t\t\t<\/div>\n\t\t\t\t\t\t\t\t\t\t\t\t\t\t<div class=\"accordion__item\">\n\t\t\t\t\t\t<a role=\"tab\" id=\"headingd4a0de9\" data-toggle=\"collapse\" href=\"#collapsed4a0de9\" aria-expanded=\"false\" aria-controls=\"collapsed4a0de9\" class=\"accordion__item-header collapsed\">\n\t\t\t\t\t\t\t<h3>\u00bfCUAL ES EL HORARIO?<\/h3>\n\t\t\t\t\t\t<\/a>\n\t\t\t\t\t\t<div id=\"collapsed4a0de9\" class=\"collapse\" role=\"tabpanel\" aria-labelledby=\"headingd4a0de9\" data-parent=\"#accordion-69d53b5d98bff\">\n\t\t\t\t\t\t\t<div class=\"accordion__item-body\">Mi\u00e9rcoles: 2pm - 9pm\n<\/br>\nJueves: 2pm - 9pm\n<\/br>\nViernes: 2pm - 9pm\n<\/br>\nS\u00e1bado: 2pm - 9pm\n<\/br>\nDomingo: 2pm - 9pm\n<\/br>\n\nHoras adicionales se puede coordinar para eventos especiales.<\/div>\n\t\t\t\t\t\t<\/div>\n\t\t\t\t\t<\/div>\n\t\t\t\t\t\t\t\t\t\t\t\t\t\t<div class=\"accordion__item\">\n\t\t\t\t\t\t<a role=\"tab\" id=\"headinge21cfa1\" data-toggle=\"collapse\" href=\"#collapsee21cfa1\" aria-expanded=\"false\" aria-controls=\"collapsee21cfa1\" class=\"accordion__item-header collapsed\">\n\t\t\t\t\t\t\t<h3>\u00bfCUANTA GENTE PUEDO TRAER?<\/h3>\n\t\t\t\t\t\t<\/a>\n\t\t\t\t\t\t<div id=\"collapsee21cfa1\" class=\"collapse\" role=\"tabpanel\" aria-labelledby=\"headinge21cfa1\" data-parent=\"#accordion-69d53b5d98bff\">\n\t\t\t\t\t\t\t<div class=\"accordion__item-body\">La cantidad de gente por cuarto varia desde 6-30+ personas. Podemos coordinar basado en tus necesidades. Por favor cont\u00e1ctanos si estas planeando en reservar para mas gente en los cuartos.<\/div>\n\t\t\t\t\t\t<\/div>\n\t\t\t\t\t<\/div>\n\t\t\t\t\t\t\t\t\t\t\t\t\t\t<div class=\"accordion__item\">\n\t\t\t\t\t\t<a role=\"tab\" id=\"heading3497a0a\" data-toggle=\"collapse\" href=\"#collapse3497a0a\" aria-expanded=\"false\" aria-controls=\"collapse3497a0a\" class=\"accordion__item-header collapsed\">\n\t\t\t\t\t\t\t<h3>\u00bfCUANDO DEBO LLEGAR Y CUANDO TIEMPO TOMA LA EXPERIENCIA?<\/h3>\n\t\t\t\t\t\t<\/a>\n\t\t\t\t\t\t<div id=\"collapse3497a0a\" class=\"collapse\" role=\"tabpanel\" aria-labelledby=\"heading3497a0a\" data-parent=\"#accordion-69d53b5d98bff\">\n\t\t\t\t\t\t\t<div class=\"accordion__item-body\">La experiencia completa usualmente toma de 1 a 1.5 horas. \u00a1Por favor aseg\u00farate de llegar a tiempo! Necesitaras tiempo para buscar estacionamiento y llegar hasta nuestro local. Si llegas luego que el cuarto se cierra es posible que no puedas jugar o tengas menos tiempo. No hay devoluciones ni cambios.<\/div>\n\t\t\t\t\t\t<\/div>\n\t\t\t\t\t<\/div>\n\t\t\t\t\t\t\t\t\t\t\t\t\t\t<div class=\"accordion__item\">\n\t\t\t\t\t\t<a role=\"tab\" id=\"heading616a1b6\" data-toggle=\"collapse\" href=\"#collapse616a1b6\" aria-expanded=\"false\" aria-controls=\"collapse616a1b6\" class=\"accordion__item-header collapsed\">\n\t\t\t\t\t\t\t<h3>\u00bfHAY UN LIMITE DE EDAD?<\/h3>\n\t\t\t\t\t\t<\/a>\n\t\t\t\t\t\t<div id=\"collapse616a1b6\" class=\"collapse\" role=\"tabpanel\" aria-labelledby=\"heading616a1b6\" data-parent=\"#accordion-69d53b5d98bff\">\n\t\t\t\t\t\t\t<div class=\"accordion__item-body\">Los juegos han sido dise\u00f1ados para adultos y j\u00f3venes. Algunos ni\u00f1os pueden encontrar las claves muy complicadas. Ni\u00f1os que tengan menos de 16 a\u00f1os deben estar acompa\u00f1ados por un adulto. Todos los participantes deben tener un boleto para entrar al cuarto sin importar la edad.<\/div>\n\t\t\t\t\t\t<\/div>\n\t\t\t\t\t<\/div>\n\t\t\t\t\t\t\t\t\t\t\t\t\t\t<div class=\"accordion__item\">\n\t\t\t\t\t\t<a role=\"tab\" id=\"headingd8f8ae3\" data-toggle=\"collapse\" href=\"#collapsed8f8ae3\" aria-expanded=\"false\" aria-controls=\"collapsed8f8ae3\" class=\"accordion__item-header collapsed\">\n\t\t\t\t\t\t\t<h3>\u00bfQUE DEBO TRAER?<\/h3>\n\t\t\t\t\t\t<\/a>\n\t\t\t\t\t\t<div id=\"collapsed8f8ae3\" class=\"collapse\" role=\"tabpanel\" aria-labelledby=\"headingd8f8ae3\" data-parent=\"#accordion-69d53b5d98bff\">\n\t\t\t\t\t\t\t<div class=\"accordion__item-body\">S\u00f3lo la versi\u00f3n digital o impresa de tu reservaci\u00f3n\u2026 y tu sentido de aventura y poder mental.<\/div>\n\t\t\t\t\t\t<\/div>\n\t\t\t\t\t<\/div>\n\t\t\t\t\t\t\t\t\t\t\t\t\t\t<div class=\"accordion__item\">\n\t\t\t\t\t\t<a role=\"tab\" id=\"heading8a7bbb8\" data-toggle=\"collapse\" href=\"#collapse8a7bbb8\" aria-expanded=\"false\" aria-controls=\"collapse8a7bbb8\" class=\"accordion__item-header collapsed\">\n\t\t\t\t\t\t\t<h3>\u00bfEs de miedo?<\/h3>\n\t\t\t\t\t\t<\/a>\n\t\t\t\t\t\t<div id=\"collapse8a7bbb8\" class=\"collapse\" role=\"tabpanel\" aria-labelledby=\"heading8a7bbb8\" data-parent=\"#accordion-69d53b5d98bff\">\n\t\t\t\t\t\t\t<div class=\"accordion__item-body\">Para nada. Los cuartos son dise\u00f1ados para ser divertidos y retadores. Ninguno de nuestros juegos tiene oscuridad total o cosas que puedan brincar encima de ti y asustarte.<\/div>\n\t\t\t\t\t\t<\/div>\n\t\t\t\t\t<\/div>\n\t\t\t\t\t\t\t\t\t\t\t\t\t\t<div class=\"accordion__item\">\n\t\t\t\t\t\t<a role=\"tab\" id=\"heading5223147\" data-toggle=\"collapse\" href=\"#collapse5223147\" aria-expanded=\"false\" aria-controls=\"collapse5223147\" class=\"accordion__item-header collapsed\">\n\t\t\t\t\t\t\t<h3>\u00bfHABR\u00c1 OTRA GENTE EN EL CUARTO CON NOSOTROS?<\/h3>\n\t\t\t\t\t\t<\/a>\n\t\t\t\t\t\t<div id=\"collapse5223147\" class=\"collapse\" role=\"tabpanel\" aria-labelledby=\"heading5223147\" data-parent=\"#accordion-69d53b5d98bff\">\n\t\t\t\t\t\t\t<div class=\"accordion__item-body\">\u00a1S\u00f3lo estamos ofreciendo experiencias privadas! Nunca vas a compartir el cuarto con gente que no conozcas.<\/div>\n\t\t\t\t\t\t<\/div>\n\t\t\t\t\t<\/div>\n\t\t\t\t\t\t\t\t\t\t\t\t\t\t<div class=\"accordion__item\">\n\t\t\t\t\t\t<a role=\"tab\" id=\"heading2f923c7\" data-toggle=\"collapse\" href=\"#collapse2f923c7\" aria-expanded=\"false\" aria-controls=\"collapse2f923c7\" class=\"accordion__item-header collapsed\">\n\t\t\t\t\t\t\t<h3>\u00bfPUEDO TRAER A MI BEBE?<\/h3>\n\t\t\t\t\t\t<\/a>\n\t\t\t\t\t\t<div id=\"collapse2f923c7\" class=\"collapse\" role=\"tabpanel\" aria-labelledby=\"heading2f923c7\" data-parent=\"#accordion-69d53b5d98bff\">\n\t\t\t\t\t\t\t<div class=\"accordion__item-body\">Es posible, pero debes tener mucho cuidado que no se lastime con los objetos del cuarto.<\/div>\n\t\t\t\t\t\t<\/div>\n\t\t\t\t\t<\/div>\n\t\t\t\t\t\t\t\t\t\t\t\t\t\t<div class=\"accordion__item\">\n\t\t\t\t\t\t<a role=\"tab\" id=\"headinga48e94a\" data-toggle=\"collapse\" href=\"#collapsea48e94a\" aria-expanded=\"false\" aria-controls=\"collapsea48e94a\" class=\"accordion__item-header collapsed\">\n\t\t\t\t\t\t\t<h3>\u00bfHAY SITIOS PARA COMER, BEBER O CONSEGUIR CAF\u00c9 CERCA?<\/h3>\n\t\t\t\t\t\t<\/a>\n\t\t\t\t\t\t<div id=\"collapsea48e94a\" class=\"collapse\" role=\"tabpanel\" aria-labelledby=\"headinga48e94a\" data-parent=\"#accordion-69d53b5d98bff\">\n\t\t\t\t\t\t\t<div class=\"accordion__item-body\">\u00a1Definitivamente! Hay muchos lugares a los que puedes llegar caminando para comer o beber. Recuerda que estas en el medio del Viejo San juan, uno de los lugares culinarios mas ricos y con la mejorar experiencia nocturna del mundo. En Bayam\u00f3n, tambi\u00e9n hay opciones ya que estas en un centro comercial.<\/div>\n\t\t\t\t\t\t<\/div>\n\t\t\t\t\t<\/div>\n\t\t\t\t\t\t\t<\/div>\n\t\t\n\t\t\t\t\t\t<\/div>\n\t\t\t\t<\/div>\n\t\t\t\t<div class=\"elementor-element elementor-element-1105d61 elementor-widget elementor-widget-spacer\" data-id=\"1105d61\" data-element_type=\"widget\" data-widget_type=\"spacer.default\">\n\t\t\t\t<div class=\"elementor-widget-container\">\n\t\t\t\t\t\t\t<div class=\"elementor-spacer\">\n\t\t\t<div class=\"elementor-spacer-inner\"><\/div>\n\t\t<\/div>\n\t\t\t\t\t\t<\/div>\n\t\t\t\t<\/div>\n\t\t\t\t\t<\/div>\n\t\t<\/div>\n\t\t\t\t<div class=\"elementor-column elementor-col-16 elementor-top-column elementor-element elementor-element-0c080d5\" data-id=\"0c080d5\" data-element_type=\"column\">\n\t\t\t<div class=\"elementor-widget-wrap\">\n\t\t\t\t\t\t\t<\/div>\n\t\t<\/div>\n\t\t\t\t\t<\/div>\n\t\t<\/section>\n\t\t\t\t<\/div>","protected":false},"excerpt":{"rendered":"","protected":false},"author":1,"featured_media":0,"parent":0,"menu_order":0,"comment_status":"closed","ping_status":"closed","template":"elementor_header_footer","meta":{"footnotes":""},"class_list":["post-236","page","type-page","status-publish","hentry"],"acf":[],"_links":{"self":[{"href":"https:\/\/escaperoompr.com\/es\/wp-json\/wp\/v2\/pages\/236","targetHints":{"allow":["GET"]}}],"collection":[{"href":"https:\/\/escaperoompr.com\/es\/wp-json\/wp\/v2\/pages"}],"about":[{"href":"https:\/\/escaperoompr.com\/es\/wp-json\/wp\/v2\/types\/page"}],"author":[{"embeddable":true,"href":"https:\/\/escaperoompr.com\/es\/wp-json\/wp\/v2\/users\/1"}],"replies":[{"embeddable":true,"href":"https:\/\/escaperoompr.com\/es\/wp-json\/wp\/v2\/comments?post=236"}],"version-history":[{"count":11,"href":"https:\/\/escaperoompr.com\/es\/wp-json\/wp\/v2\/pages\/236\/revisions"}],"predecessor-version":[{"id":1500,"href":"https:\/\/escaperoompr.com\/es\/wp-json\/wp\/v2\/pages\/236\/revisions\/1500"}],"wp:attachment":[{"href":"https:\/\/escaperoompr.com\/es\/wp-json\/wp\/v2\/media?parent=236"}],"curies":[{"name":"wp","href":"https:\/\/api.w.org\/{rel}","templated":true}]}}