{"id":282,"date":"2018-10-11T14:18:57","date_gmt":"2018-10-11T14:18:57","guid":{"rendered":"http:\/\/escapium-wp.dan-fisher.com\/?page_id=282"},"modified":"2020-10-12T21:30:48","modified_gmt":"2020-10-12T21:30:48","slug":"bayamon","status":"publish","type":"page","link":"https:\/\/escaperoompr.com\/es\/bayamon\/","title":{"rendered":"Bayam\u00f3n"},"content":{"rendered":"<div data-elementor-type=\"wp-post\" data-elementor-id=\"282\" class=\"elementor elementor-282\">\n\t\t\t\t\t\t<section class=\"elementor-section elementor-top-section elementor-element elementor-element-f599b75 elementor-section-boxed elementor-section-height-default elementor-section-height-default\" data-id=\"f599b75\" data-element_type=\"section\">\n\t\t\t\t\t\t<div class=\"elementor-container elementor-column-gap-default\">\n\t\t\t\t\t<div class=\"elementor-column elementor-col-100 elementor-top-column elementor-element elementor-element-5ef2786\" data-id=\"5ef2786\" data-element_type=\"column\">\n\t\t\t<div class=\"elementor-widget-wrap elementor-element-populated\">\n\t\t\t\t\t\t<div class=\"elementor-element elementor-element-4f83424 elementor-widget elementor-widget-escapium-rooms\" data-id=\"4f83424\" data-element_type=\"widget\" data-widget_type=\"escapium-rooms.default\">\n\t\t\t\t<div class=\"elementor-widget-container\">\n\t\t\t\t\t\t\t\n\t\t<!-- Rooms List -->\n\t\t<div class=\"rooms rooms--list js-rooms\" data-is-hash=\"no-hash\" data-filter-all=\"all\">\n\t\t\n<article class=\"room room--category-bayamon room--category-hard\">\n\t<div class=\"room__body box\">\n\t\t<!-- Header -->\n\t\t<header class=\"room__header\">\n\n\t\t\t\n\t<!-- Rating -->\n\t<div class=\"room__complexity rating-icons\">\n\t\t<div class=\"rating-icons__placeholder\">\n\t\t\t<i class=\"ion-locked\"><\/i><i class=\"ion-locked\"><\/i><i class=\"ion-locked\"><\/i><i class=\"ion-locked\"><\/i><i class=\"ion-locked\"><\/i>\t\t<\/div>\n\t\t<div class=\"rating-icons__active\">\n\t\t\t<i class=\"ion-locked\"><\/i><i class=\"ion-locked\"><\/i><i class=\"ion-locked\"><\/i>\t\t<\/div>\n\t<\/div>\n\t<!-- Rating \/ End -->\n\t\t\t\n\t\t\t<!-- Title -->\n\t\t\t<h2 class=\"room__title\"><a href=\"https:\/\/escaperoompr.com\/es\/rooms\/arctic-chill\/\">Fr\u00edo \u00e1rtico<\/a><\/h2>\n\t\t\t<!-- Title \/ End -->\n\t\t\t\n\t\t\t\n<!-- Meta -->\n<div class=\"room__meta\">\n\n\t\t\t<div class=\"room__meta-item\">\n\t\t\t<i class=\"ion-person-stalker\"><\/i> 8\t\t<\/div>\n\t\n\t\t\t<div class=\"room__meta-item\">\n\t\t\t<i class=\"icon-clock\"><\/i> 45\t\t<\/div>\n\t\n\t\t\t<div class=\"room__meta-item\">\n\t\t\t<i class=\"ion-location\"><\/i> Carr Puerto Rico 2, Bayam\u00f3n, 00959\t\t<\/div>\n\t\n<\/div>\n<!-- Meta \/ End -->\n\n\t\t<\/header>\n\t\t<!-- Header \/ End -->\n\t\t<!-- Excerpt -->\n\t\t<div class=\"room__excerpt\">\n\t\t\tTe has derrumbado en un campo de nieve en el \u00c1rtico. Cuando abres los ojos, tus extremidades est\u00e1n casi congeladas... \t\t\t\n\t\t<\/div>\n\t\t<!-- Excerpt \/ End -->\n\t\t<!-- Read More -->\n\t\t<footer class=\"room__footer\">\n\t\t\t<a href=\"https:\/\/escaperoompr.com\/es\/rooms\/arctic-chill\/\" class=\"btn btn-primary\">\u00a1Reserva Ahora!<\/a>\n\t\t<\/footer>\n\t\t<!-- Read More \/ End -->\n\t<\/div>\n\t<!-- Image -->\n\t<figure class=\"room__img\">\n\t\t<a href=\"https:\/\/escaperoompr.com\/es\/rooms\/arctic-chill\/\"><img fetchpriority=\"high\" decoding=\"async\" width=\"557\" height=\"400\" src=\"https:\/\/escaperoompr.com\/wp-content\/uploads\/2018\/10\/artic-chill-1-1-557x400.jpg\" class=\"attachment-escapium_thumbnail-rooms-list size-escapium_thumbnail-rooms-list\" alt=\"\" \/><\/a>\n\t<\/figure>\n\t<!-- Image \/ End -->\n<\/article>\n\n<article class=\"room room--category-bayamon room--category-easy\">\n\t<div class=\"room__body box\">\n\t\t<!-- Header -->\n\t\t<header class=\"room__header\">\n\n\t\t\t\n\t<!-- Rating -->\n\t<div class=\"room__complexity rating-icons\">\n\t\t<div class=\"rating-icons__placeholder\">\n\t\t\t<i class=\"ion-locked\"><\/i><i class=\"ion-locked\"><\/i><i class=\"ion-locked\"><\/i><i class=\"ion-locked\"><\/i><i class=\"ion-locked\"><\/i>\t\t<\/div>\n\t\t<div class=\"rating-icons__active\">\n\t\t\t<i class=\"ion-locked\"><\/i><i class=\"ion-locked\"><\/i><i class=\"ion-locked\"><\/i>\t\t<\/div>\n\t<\/div>\n\t<!-- Rating \/ End -->\n\t\t\t\n\t\t\t<!-- Title -->\n\t\t\t<h2 class=\"room__title\"><a href=\"https:\/\/escaperoompr.com\/es\/rooms\/the-hunting-cabin\/\">La caba\u00f1a de caza<\/a><\/h2>\n\t\t\t<!-- Title \/ End -->\n\t\t\t\n\t\t\t\n<!-- Meta -->\n<div class=\"room__meta\">\n\n\t\t\t<div class=\"room__meta-item\">\n\t\t\t<i class=\"ion-person-stalker\"><\/i> 8\t\t<\/div>\n\t\n\t\t\t<div class=\"room__meta-item\">\n\t\t\t<i class=\"icon-clock\"><\/i> 45\t\t<\/div>\n\t\n\t\t\t<div class=\"room__meta-item\">\n\t\t\t<i class=\"ion-location\"><\/i> Carr Puerto Rico 2, Bayam\u00f3n, 00959\t\t<\/div>\n\t\n<\/div>\n<!-- Meta \/ End -->\n\n\t\t<\/header>\n\t\t<!-- Header \/ End -->\n\t\t<!-- Excerpt -->\n\t\t<div class=\"room__excerpt\">\n\t\t\tDurante una aventura de senderismo en el campo, se confunden las coordenadas. Sin se\u00f1al, est\u00e1s... \t\t\t\n\t\t<\/div>\n\t\t<!-- Excerpt \/ End -->\n\t\t<!-- Read More -->\n\t\t<footer class=\"room__footer\">\n\t\t\t<a href=\"https:\/\/escaperoompr.com\/es\/rooms\/the-hunting-cabin\/\" class=\"btn btn-primary\">\u00a1Reserva Ahora!<\/a>\n\t\t<\/footer>\n\t\t<!-- Read More \/ End -->\n\t<\/div>\n\t<!-- Image -->\n\t<figure class=\"room__img\">\n\t\t<a href=\"https:\/\/escaperoompr.com\/es\/rooms\/the-hunting-cabin\/\"><img decoding=\"async\" width=\"557\" height=\"400\" src=\"https:\/\/escaperoompr.com\/wp-content\/uploads\/2018\/10\/the-hunting-cabin-copy-557x400.jpg\" class=\"attachment-escapium_thumbnail-rooms-list size-escapium_thumbnail-rooms-list\" alt=\"\" \/><\/a>\n\t<\/figure>\n\t<!-- Image \/ End -->\n<\/article>\n\n<article class=\"room room--category-bayamon room--category-normal\">\n\t<div class=\"room__body box\">\n\t\t<!-- Header -->\n\t\t<header class=\"room__header\">\n\n\t\t\t\n\t<!-- Rating -->\n\t<div class=\"room__complexity rating-icons\">\n\t\t<div class=\"rating-icons__placeholder\">\n\t\t\t<i class=\"ion-locked\"><\/i><i class=\"ion-locked\"><\/i><i class=\"ion-locked\"><\/i><i class=\"ion-locked\"><\/i><i class=\"ion-locked\"><\/i>\t\t<\/div>\n\t\t<div class=\"rating-icons__active\">\n\t\t\t<i class=\"ion-locked\"><\/i><i class=\"ion-locked\"><\/i><i class=\"ion-locked\"><\/i>\t\t<\/div>\n\t<\/div>\n\t<!-- Rating \/ End -->\n\t\t\t\n\t\t\t<!-- Title -->\n\t\t\t<h2 class=\"room__title\"><a href=\"https:\/\/escaperoompr.com\/es\/rooms\/mad-lab\/\">Laboratorio loco<\/a><\/h2>\n\t\t\t<!-- Title \/ End -->\n\t\t\t\n\t\t\t\n<!-- Meta -->\n<div class=\"room__meta\">\n\n\t\t\t<div class=\"room__meta-item\">\n\t\t\t<i class=\"ion-person-stalker\"><\/i> 8\t\t<\/div>\n\t\n\t\t\t<div class=\"room__meta-item\">\n\t\t\t<i class=\"icon-clock\"><\/i> 45\t\t<\/div>\n\t\n\t\t\t<div class=\"room__meta-item\">\n\t\t\t<i class=\"ion-location\"><\/i> Carr Puerto Rico 2, Bayam\u00f3n, 00959\t\t<\/div>\n\t\n<\/div>\n<!-- Meta \/ End -->\n\n\t\t<\/header>\n\t\t<!-- Header \/ End -->\n\t\t<!-- Excerpt -->\n\t\t<div class=\"room__excerpt\">\n\t\t\tEl mundo est\u00e1 infectado por un virus y te has enterado de un laboratorio que tiene la cura. Los... \t\t\t\n\t\t<\/div>\n\t\t<!-- Excerpt \/ End -->\n\t\t<!-- Read More -->\n\t\t<footer class=\"room__footer\">\n\t\t\t<a href=\"https:\/\/escaperoompr.com\/es\/rooms\/mad-lab\/\" class=\"btn btn-primary\">\u00a1Reserva Ahora!<\/a>\n\t\t<\/footer>\n\t\t<!-- Read More \/ End -->\n\t<\/div>\n\t<!-- Image -->\n\t<figure class=\"room__img\">\n\t\t<a href=\"https:\/\/escaperoompr.com\/es\/rooms\/mad-lab\/\"><img decoding=\"async\" width=\"557\" height=\"400\" src=\"https:\/\/escaperoompr.com\/wp-content\/uploads\/2018\/10\/mad-lab-557x400.jpg\" class=\"attachment-escapium_thumbnail-rooms-list size-escapium_thumbnail-rooms-list\" alt=\"\" \/><\/a>\n\t<\/figure>\n\t<!-- Image \/ End -->\n<\/article>\n\n<article class=\"room room--category-bayamon room--category-hard\">\n\t<div class=\"room__body box\">\n\t\t<!-- Header -->\n\t\t<header class=\"room__header\">\n\n\t\t\t\n\t<!-- Rating -->\n\t<div class=\"room__complexity rating-icons\">\n\t\t<div class=\"rating-icons__placeholder\">\n\t\t\t<i class=\"ion-locked\"><\/i><i class=\"ion-locked\"><\/i><i class=\"ion-locked\"><\/i><i class=\"ion-locked\"><\/i><i class=\"ion-locked\"><\/i>\t\t<\/div>\n\t\t<div class=\"rating-icons__active\">\n\t\t\t<i class=\"ion-locked\"><\/i><i class=\"ion-locked\"><\/i><i class=\"ion-locked\"><\/i><i class=\"ion-locked\"><\/i><i class=\"ion-locked\"><\/i>\t\t<\/div>\n\t<\/div>\n\t<!-- Rating \/ End -->\n\t\t\t\n\t\t\t<!-- Title -->\n\t\t\t<h2 class=\"room__title\"><a href=\"https:\/\/escaperoompr.com\/es\/rooms\/the-last-samurai\/\">El \u00faltimo samur\u00e1i<\/a><\/h2>\n\t\t\t<!-- Title \/ End -->\n\t\t\t\n\t\t\t\n<!-- Meta -->\n<div class=\"room__meta\">\n\n\t\t\t<div class=\"room__meta-item\">\n\t\t\t<i class=\"ion-person-stalker\"><\/i> 8\t\t<\/div>\n\t\n\t\t\t<div class=\"room__meta-item\">\n\t\t\t<i class=\"icon-clock\"><\/i> 45\t\t<\/div>\n\t\n\t\t\t<div class=\"room__meta-item\">\n\t\t\t<i class=\"ion-location\"><\/i> Carr Puerto Rico 2, Bayam\u00f3n, 00959\t\t<\/div>\n\t\n<\/div>\n<!-- Meta \/ End -->\n\n\t\t<\/header>\n\t\t<!-- Header \/ End -->\n\t\t<!-- Excerpt -->\n\t\t<div class=\"room__excerpt\">\n\t\t\tHoy en d\u00eda, en el Jap\u00f3n moderno, los samur\u00e1is todav\u00eda existen en cultos clandestinos conocidos como Shakugan. Entonces, te embarcas en un... \t\t\t\n\t\t<\/div>\n\t\t<!-- Excerpt \/ End -->\n\t\t<!-- Read More -->\n\t\t<footer class=\"room__footer\">\n\t\t\t<a href=\"https:\/\/escaperoompr.com\/es\/rooms\/the-last-samurai\/\" class=\"btn btn-primary\">\u00a1Reserva Ahora!<\/a>\n\t\t<\/footer>\n\t\t<!-- Read More \/ End -->\n\t<\/div>\n\t<!-- Image -->\n\t<figure class=\"room__img\">\n\t\t<a href=\"https:\/\/escaperoompr.com\/es\/rooms\/the-last-samurai\/\"><img loading=\"lazy\" decoding=\"async\" width=\"557\" height=\"400\" src=\"https:\/\/escaperoompr.com\/wp-content\/uploads\/2018\/10\/last-samurai-clean-557x400.jpg\" class=\"attachment-escapium_thumbnail-rooms-list size-escapium_thumbnail-rooms-list\" alt=\"\" \/><\/a>\n\t<\/figure>\n\t<!-- Image \/ End -->\n<\/article>\n\t\t<\/div>\n\t\t<!-- Rooms List \/ End -->\n\t\t\n\t\t\t\t\t\t<\/div>\n\t\t\t\t<\/div>\n\t\t\t\t<div class=\"elementor-element elementor-element-f4ca4a3 elementor-widget elementor-widget-spacer\" data-id=\"f4ca4a3\" data-element_type=\"widget\" data-widget_type=\"spacer.default\">\n\t\t\t\t<div class=\"elementor-widget-container\">\n\t\t\t\t\t\t\t<div class=\"elementor-spacer\">\n\t\t\t<div class=\"elementor-spacer-inner\"><\/div>\n\t\t<\/div>\n\t\t\t\t\t\t<\/div>\n\t\t\t\t<\/div>\n\t\t\t\t\t<\/div>\n\t\t<\/div>\n\t\t\t\t\t<\/div>\n\t\t<\/section>\n\t\t\t\t<\/div>","protected":false},"excerpt":{"rendered":"","protected":false},"author":1,"featured_media":0,"parent":0,"menu_order":0,"comment_status":"closed","ping_status":"closed","template":"elementor_header_footer","meta":{"footnotes":""},"class_list":["post-282","page","type-page","status-publish","hentry"],"acf":[],"_links":{"self":[{"href":"https:\/\/escaperoompr.com\/es\/wp-json\/wp\/v2\/pages\/282","targetHints":{"allow":["GET"]}}],"collection":[{"href":"https:\/\/escaperoompr.com\/es\/wp-json\/wp\/v2\/pages"}],"about":[{"href":"https:\/\/escaperoompr.com\/es\/wp-json\/wp\/v2\/types\/page"}],"author":[{"embeddable":true,"href":"https:\/\/escaperoompr.com\/es\/wp-json\/wp\/v2\/users\/1"}],"replies":[{"embeddable":true,"href":"https:\/\/escaperoompr.com\/es\/wp-json\/wp\/v2\/comments?post=282"}],"version-history":[{"count":6,"href":"https:\/\/escaperoompr.com\/es\/wp-json\/wp\/v2\/pages\/282\/revisions"}],"predecessor-version":[{"id":1370,"href":"https:\/\/escaperoompr.com\/es\/wp-json\/wp\/v2\/pages\/282\/revisions\/1370"}],"wp:attachment":[{"href":"https:\/\/escaperoompr.com\/es\/wp-json\/wp\/v2\/media?parent=282"}],"curies":[{"name":"wp","href":"https:\/\/api.w.org\/{rel}","templated":true}]}}